{"id":12821,"date":"2025-10-14T14:29:15","date_gmt":"2025-10-14T14:29:15","guid":{"rendered":"https:\/\/www.shrn.org.uk\/?page_id=12821"},"modified":"2025-10-15T10:07:38","modified_gmt":"2025-10-15T10:07:38","slug":"core-shrn-resources","status":"publish","type":"page","link":"https:\/\/www.shrn.org.uk\/cy\/core-shrn-resources\/","title":{"rendered":"Adnoddau Craidd SHRN"},"content":{"rendered":"\n<figure class=\"wp-block-image size-large\"><img loading=\"lazy\" decoding=\"async\" width=\"1024\" height=\"683\" src=\"https:\/\/www.shrn.org.uk\/wp-content\/uploads\/2025\/10\/christin-hume-Hcfwew744z4-unsplash-1024x683.jpg\" alt=\"\" class=\"wp-image-12810\" style=\"aspect-ratio:16\/9;object-fit:cover\" srcset=\"https:\/\/www.shrn.org.uk\/wp-content\/uploads\/2025\/10\/christin-hume-Hcfwew744z4-unsplash-1024x683.jpg 1024w, https:\/\/www.shrn.org.uk\/wp-content\/uploads\/2025\/10\/christin-hume-Hcfwew744z4-unsplash-400x267.jpg 400w, https:\/\/www.shrn.org.uk\/wp-content\/uploads\/2025\/10\/christin-hume-Hcfwew744z4-unsplash-768x512.jpg 768w, https:\/\/www.shrn.org.uk\/wp-content\/uploads\/2025\/10\/christin-hume-Hcfwew744z4-unsplash-1536x1024.jpg 1536w, https:\/\/www.shrn.org.uk\/wp-content\/uploads\/2025\/10\/christin-hume-Hcfwew744z4-unsplash-2048x1365.jpg 2048w, https:\/\/www.shrn.org.uk\/wp-content\/uploads\/2025\/10\/christin-hume-Hcfwew744z4-unsplash-1200x800.jpg 1200w, https:\/\/www.shrn.org.uk\/wp-content\/uploads\/2025\/10\/christin-hume-Hcfwew744z4-unsplash-1980x1320.jpg 1980w\" sizes=\"auto, (max-width: 1024px) 100vw, 1024px\" \/><\/figure>\n\n\n\n<p>Croeso i dudalen Darllen Hanfodol SHRN \u2014 casgliad wedi&#8217;i guradu o adnoddau allweddol ar gyfer ymchwilwyr, llunwyr polisi, a rhanddeiliaid llywodraeth sydd \u00e2 diddordeb mewn iechyd a lles ysgolion ledled Cymru. Mae&#8217;r deunyddiau hyn yn rhoi cipolwg ar seilwaith data SHRN, ei effaith, a&#8217;i r\u00f4l wrth lunio polisi sy&#8217;n seiliedig ar dystiolaeth.<\/p>\n\n\n\n<p><a href=\"https:\/\/www.shrn.org.uk\/cy\/amdanom-ni-2\/\"><strong>Yngl\u0177n \u00e2 SHRN<\/strong><\/a> a&#8217;n <strong><a href=\"https:\/\/www.shrn.org.uk\/cy\/ein-hanes\/\">Hanes<\/a>:<\/strong> Cyflwyniad cryno i genhadaeth, strwythur ac amserlen SHRN. Dysgwch sut mae SHRN yn dwyn ynghyd ysgolion, ymchwilwyr, cyrff iechyd cyhoeddus, a&#8217;r llywodraeth i gyd-gynhyrchu ymchwil effeithiol a gwella lles myfyrwyr.<\/p>\n\n\n\n<h2 class=\"wp-block-heading\" style=\"font-size:35px\"><strong>Data a Methodoleg<\/strong><\/h2>\n\n\n\n<p><a href=\"https:\/\/www.shrn.org.uk\/cy\/shrn-national-data-and-reports\/\"><strong>Adroddiadau Arolwg Iechyd a Lles Myfyrwyr SHRN:<\/strong><\/a> Archwiliwch ganfyddiadau cenedlaethol a rhanbarthol o arolygon dwyflynyddol SHRN, gan gynnig cipolwg cyfoethog ar ymddygiadau a phrofiadau iechyd pobl ifanc yng Nghymru.<\/p>\n\n\n\n<p><strong><a href=\"https:\/\/www.shrn.org.uk\/cy\/ffeithlenni\/\">Taflen Ffeithiau Holiadur Amgylchedd Ysgol (SEQ) SHRN:<\/a> <\/strong>Deall sut mae SHRN yn casglu data ar lefel ysgol i ategu arolygon myfyrwyr a llywio dulliau ysgol gyfan o ymdrin ag iechyd.<\/p>\n\n\n\n<p><strong><a href=\"https:\/\/www.shrn.org.uk\/cy\/arolwg-iechyd-a-lles-myfyrwyr-y-rhwydwaith-golwg-gynhwysfawr-ar-iechyd-y-glasoed-yng-nghymru\/\">Proffil Adnodd Data<\/a> <\/strong>\u2013 International Journal of Epidemiology Erthygl a adolygwyd gan gymheiriaid yn manylu ar seilwaith data, dyluniad arolygon a photensial ymchwil SHRN o 2017\u20132023.<\/p>\n\n\n\n<h2 class=\"wp-block-heading\" style=\"font-size:35px\"><strong>Effaith ar Waith<\/strong><\/h2>\n\n\n\n<p><a href=\"https:\/\/www.shrn.org.uk\/cy\/astudiaeth-achos\/\"><strong>Astudiaethau Achos SHRN:<\/strong><\/a> Straeon Llwyddiant Ysgolion: Enghreifftiau o&#8217;r byd go iawn o sut mae ysgolion wedi defnyddio data SHRN i ysgogi gwelliannau mewn iechyd a lles myfyrwyr.<\/p>\n\n\n\n<p><a href=\"https:\/\/hwb.gov.wales\/news\/articles\/4ac532b1-2d55-4bec-a9de-61188973df86\"><strong>Blog SHRN ar Addysg Cymru:<\/strong><\/a> Post blog a gymeradwywyd gan y llywodraeth yn tynnu sylw at gylch arolwg 2025 a&#8217;i r\u00f4l wrth lunio polisi iechyd dysgwyr.<\/p>\n\n\n\n<h2 class=\"wp-block-heading\" style=\"font-size:35px\"><strong>Integreiddio Polisi ac Ymchwil<\/strong><\/h2>\n\n\n\n<p>Archwiliwch bartneriaethau <strong><a href=\"https:\/\/www.shrn.org.uk\/cy\/effaith-du-rhyngwladol\/\">rhyngwladol<\/a>, <a href=\"https:\/\/www.shrn.org.uk\/cy\/effaith-genedlaethol\/\">cenedlaethol<\/a>, <a href=\"https:\/\/www.shrn.org.uk\/cy\/effaith-ranbarthol\/\">rhanbarthol<\/a><\/strong> a <a href=\"https:\/\/www.shrn.org.uk\/cy\/astudiaeth-achos\/\"><strong>lleol <\/strong><\/a>SHRN. Dysgwch sut mae SHRN yn pontio ymchwil a pholisi trwy gyd-gynhyrchu a chyfnewid gwybodaeth.<\/p>\n\n\n\n<h2 class=\"wp-block-heading\" style=\"font-size:35px\"><strong>Arhoswch mewn Cysylltiad<\/strong><\/h2>\n\n\n\n<p>Am ddiweddariadau, cyhoeddiadau a chyfleoedd i gydweithio, ewch i wefan SHRN neu <a href=\"https:\/\/www.shrn.org.uk\/e-news-sign-up\/\"><strong>cofrestrwch ar gyfer ein crynodeb.<\/strong><\/a><\/p>\n\n\n\n<p><a id=\"_msocom_1\"><\/a><\/p>\n","protected":false},"excerpt":{"rendered":"<p>Croeso i dudalen Darllen Hanfodol SHRN \u2014 casgliad wedi&#8217;i guradu o adnoddau allweddol ar gyfer ymchwilwyr, llunwyr polisi, a rhanddeiliaid llywodraeth sydd \u00e2 diddordeb mewn iechyd a lles ysgolion ledled Cymru. Mae&#8217;r deunyddiau hyn yn rhoi cipolwg ar seilwaith data SHRN, ei effaith, a&#8217;i r\u00f4l wrth lunio polisi sy&#8217;n seiliedig ar dystiolaeth. Yngl\u0177n \u00e2 SHRN [&hellip;]<\/p>\n","protected":false},"author":1,"featured_media":0,"parent":0,"menu_order":0,"comment_status":"closed","ping_status":"closed","template":"","meta":{"_monsterinsights_skip_tracking":false,"_monsterinsights_sitenote_active":false,"_monsterinsights_sitenote_note":"","_monsterinsights_sitenote_category":0,"footnotes":""},"class_list":["post-12821","page","type-page","status-publish","hentry"],"yoast_head":"<!-- This site is optimized with the Yoast SEO plugin v27.4 - https:\/\/yoast.com\/product\/yoast-seo-wordpress\/ -->\n<title>Adnoddau Craidd SHRN - The School Health Research Network<\/title>\n<meta name=\"robots\" content=\"index, follow, max-snippet:-1, max-image-preview:large, max-video-preview:-1\" \/>\n<link rel=\"canonical\" href=\"https:\/\/www.shrn.org.uk\/cy\/core-shrn-resources\/\" \/>\n<meta property=\"og:locale\" content=\"en_US\" \/>\n<meta property=\"og:type\" content=\"article\" \/>\n<meta property=\"og:title\" content=\"Adnoddau Craidd SHRN - The School Health Research Network\" \/>\n<meta property=\"og:description\" content=\"Croeso i dudalen Darllen Hanfodol SHRN \u2014 casgliad wedi&#8217;i guradu o adnoddau allweddol ar gyfer ymchwilwyr, llunwyr polisi, a rhanddeiliaid llywodraeth sydd \u00e2 diddordeb mewn iechyd a lles ysgolion ledled Cymru. Mae&#8217;r deunyddiau hyn yn rhoi cipolwg ar seilwaith data SHRN, ei effaith, a&#8217;i r\u00f4l wrth lunio polisi sy&#8217;n seiliedig ar dystiolaeth. Yngl\u0177n \u00e2 SHRN [&hellip;]\" \/>\n<meta property=\"og:url\" content=\"https:\/\/www.shrn.org.uk\/cy\/core-shrn-resources\/\" \/>\n<meta property=\"og:site_name\" content=\"The School Health Research Network\" \/>\n<meta property=\"article:modified_time\" content=\"2025-10-15T10:07:38+00:00\" \/>\n<meta property=\"og:image\" content=\"https:\/\/www.shrn.org.uk\/wp-content\/uploads\/2025\/10\/christin-hume-Hcfwew744z4-unsplash-scaled.jpg\" \/>\n\t<meta property=\"og:image:width\" content=\"2560\" \/>\n\t<meta property=\"og:image:height\" content=\"1707\" \/>\n\t<meta property=\"og:image:type\" content=\"image\/jpeg\" \/>\n<meta name=\"twitter:label1\" content=\"Est. reading time\" \/>\n\t<meta name=\"twitter:data1\" content=\"2 funud\" \/>\n<script type=\"application\/ld+json\" class=\"yoast-schema-graph\">{\"@context\":\"https:\\\/\\\/schema.org\",\"@graph\":[{\"@type\":\"WebPage\",\"@id\":\"https:\\\/\\\/www.shrn.org.uk\\\/cy\\\/core-shrn-resources\\\/\",\"url\":\"https:\\\/\\\/www.shrn.org.uk\\\/cy\\\/core-shrn-resources\\\/\",\"name\":\"Adnoddau Craidd SHRN - The School Health Research Network\",\"isPartOf\":{\"@id\":\"https:\\\/\\\/www.shrn.org.uk\\\/#website\"},\"primaryImageOfPage\":{\"@id\":\"https:\\\/\\\/www.shrn.org.uk\\\/cy\\\/core-shrn-resources\\\/#primaryimage\"},\"image\":{\"@id\":\"https:\\\/\\\/www.shrn.org.uk\\\/cy\\\/core-shrn-resources\\\/#primaryimage\"},\"thumbnailUrl\":\"https:\\\/\\\/www.shrn.org.uk\\\/wp-content\\\/uploads\\\/2025\\\/10\\\/christin-hume-Hcfwew744z4-unsplash-1024x683.jpg\",\"datePublished\":\"2025-10-14T14:29:15+00:00\",\"dateModified\":\"2025-10-15T10:07:38+00:00\",\"breadcrumb\":{\"@id\":\"https:\\\/\\\/www.shrn.org.uk\\\/cy\\\/core-shrn-resources\\\/#breadcrumb\"},\"inLanguage\":\"cy\",\"potentialAction\":[{\"@type\":\"ReadAction\",\"target\":[\"https:\\\/\\\/www.shrn.org.uk\\\/cy\\\/core-shrn-resources\\\/\"]}]},{\"@type\":\"ImageObject\",\"inLanguage\":\"cy\",\"@id\":\"https:\\\/\\\/www.shrn.org.uk\\\/cy\\\/core-shrn-resources\\\/#primaryimage\",\"url\":\"https:\\\/\\\/www.shrn.org.uk\\\/wp-content\\\/uploads\\\/2025\\\/10\\\/christin-hume-Hcfwew744z4-unsplash-1024x683.jpg\",\"contentUrl\":\"https:\\\/\\\/www.shrn.org.uk\\\/wp-content\\\/uploads\\\/2025\\\/10\\\/christin-hume-Hcfwew744z4-unsplash-1024x683.jpg\"},{\"@type\":\"BreadcrumbList\",\"@id\":\"https:\\\/\\\/www.shrn.org.uk\\\/cy\\\/core-shrn-resources\\\/#breadcrumb\",\"itemListElement\":[{\"@type\":\"ListItem\",\"position\":1,\"name\":\"Home\",\"item\":\"https:\\\/\\\/www.shrn.org.uk\\\/cy\\\/\"},{\"@type\":\"ListItem\",\"position\":2,\"name\":\"Adnoddau Craidd SHRN\"}]},{\"@type\":\"WebSite\",\"@id\":\"https:\\\/\\\/www.shrn.org.uk\\\/#website\",\"url\":\"https:\\\/\\\/www.shrn.org.uk\\\/\",\"name\":\"School Health Research Network\",\"description\":\"\",\"publisher\":{\"@id\":\"https:\\\/\\\/www.shrn.org.uk\\\/#organization\"},\"potentialAction\":[{\"@type\":\"SearchAction\",\"target\":{\"@type\":\"EntryPoint\",\"urlTemplate\":\"https:\\\/\\\/www.shrn.org.uk\\\/?s={search_term_string}\"},\"query-input\":{\"@type\":\"PropertyValueSpecification\",\"valueRequired\":true,\"valueName\":\"search_term_string\"}}],\"inLanguage\":\"cy\"},{\"@type\":\"Organization\",\"@id\":\"https:\\\/\\\/www.shrn.org.uk\\\/#organization\",\"name\":\"School Health Research Network\",\"url\":\"https:\\\/\\\/www.shrn.org.uk\\\/\",\"logo\":{\"@type\":\"ImageObject\",\"inLanguage\":\"cy\",\"@id\":\"https:\\\/\\\/www.shrn.org.uk\\\/#\\\/schema\\\/logo\\\/image\\\/\",\"url\":\"https:\\\/\\\/www.shrn.org.uk\\\/wp-content\\\/uploads\\\/2024\\\/09\\\/cropped-cropped-SHRN-Core-Logo-BILINGUAL.png\",\"contentUrl\":\"https:\\\/\\\/www.shrn.org.uk\\\/wp-content\\\/uploads\\\/2024\\\/09\\\/cropped-cropped-SHRN-Core-Logo-BILINGUAL.png\",\"width\":2975,\"height\":1505,\"caption\":\"School Health Research Network\"},\"image\":{\"@id\":\"https:\\\/\\\/www.shrn.org.uk\\\/#\\\/schema\\\/logo\\\/image\\\/\"}}]}<\/script>\n<!-- \/ Yoast SEO plugin. -->","yoast_head_json":{"title":"Adnoddau Craidd SHRN - The School Health Research Network","robots":{"index":"index","follow":"follow","max-snippet":"max-snippet:-1","max-image-preview":"max-image-preview:large","max-video-preview":"max-video-preview:-1"},"canonical":"https:\/\/www.shrn.org.uk\/cy\/core-shrn-resources\/","og_locale":"en_US","og_type":"article","og_title":"Adnoddau Craidd SHRN - The School Health Research Network","og_description":"Croeso i dudalen Darllen Hanfodol SHRN \u2014 casgliad wedi&#8217;i guradu o adnoddau allweddol ar gyfer ymchwilwyr, llunwyr polisi, a rhanddeiliaid llywodraeth sydd \u00e2 diddordeb mewn iechyd a lles ysgolion ledled Cymru. Mae&#8217;r deunyddiau hyn yn rhoi cipolwg ar seilwaith data SHRN, ei effaith, a&#8217;i r\u00f4l wrth lunio polisi sy&#8217;n seiliedig ar dystiolaeth. Yngl\u0177n \u00e2 SHRN [&hellip;]","og_url":"https:\/\/www.shrn.org.uk\/cy\/core-shrn-resources\/","og_site_name":"The School Health Research Network","article_modified_time":"2025-10-15T10:07:38+00:00","og_image":[{"width":2560,"height":1707,"url":"https:\/\/www.shrn.org.uk\/wp-content\/uploads\/2025\/10\/christin-hume-Hcfwew744z4-unsplash-scaled.jpg","type":"image\/jpeg"}],"twitter_misc":{"Est. reading time":"2 funud"},"schema":{"@context":"https:\/\/schema.org","@graph":[{"@type":"WebPage","@id":"https:\/\/www.shrn.org.uk\/cy\/core-shrn-resources\/","url":"https:\/\/www.shrn.org.uk\/cy\/core-shrn-resources\/","name":"Adnoddau Craidd SHRN - The School Health Research Network","isPartOf":{"@id":"https:\/\/www.shrn.org.uk\/#website"},"primaryImageOfPage":{"@id":"https:\/\/www.shrn.org.uk\/cy\/core-shrn-resources\/#primaryimage"},"image":{"@id":"https:\/\/www.shrn.org.uk\/cy\/core-shrn-resources\/#primaryimage"},"thumbnailUrl":"https:\/\/www.shrn.org.uk\/wp-content\/uploads\/2025\/10\/christin-hume-Hcfwew744z4-unsplash-1024x683.jpg","datePublished":"2025-10-14T14:29:15+00:00","dateModified":"2025-10-15T10:07:38+00:00","breadcrumb":{"@id":"https:\/\/www.shrn.org.uk\/cy\/core-shrn-resources\/#breadcrumb"},"inLanguage":"cy","potentialAction":[{"@type":"ReadAction","target":["https:\/\/www.shrn.org.uk\/cy\/core-shrn-resources\/"]}]},{"@type":"ImageObject","inLanguage":"cy","@id":"https:\/\/www.shrn.org.uk\/cy\/core-shrn-resources\/#primaryimage","url":"https:\/\/www.shrn.org.uk\/wp-content\/uploads\/2025\/10\/christin-hume-Hcfwew744z4-unsplash-1024x683.jpg","contentUrl":"https:\/\/www.shrn.org.uk\/wp-content\/uploads\/2025\/10\/christin-hume-Hcfwew744z4-unsplash-1024x683.jpg"},{"@type":"BreadcrumbList","@id":"https:\/\/www.shrn.org.uk\/cy\/core-shrn-resources\/#breadcrumb","itemListElement":[{"@type":"ListItem","position":1,"name":"Home","item":"https:\/\/www.shrn.org.uk\/cy\/"},{"@type":"ListItem","position":2,"name":"Adnoddau Craidd SHRN"}]},{"@type":"WebSite","@id":"https:\/\/www.shrn.org.uk\/#website","url":"https:\/\/www.shrn.org.uk\/","name":"School Health Research Network","description":"","publisher":{"@id":"https:\/\/www.shrn.org.uk\/#organization"},"potentialAction":[{"@type":"SearchAction","target":{"@type":"EntryPoint","urlTemplate":"https:\/\/www.shrn.org.uk\/?s={search_term_string}"},"query-input":{"@type":"PropertyValueSpecification","valueRequired":true,"valueName":"search_term_string"}}],"inLanguage":"cy"},{"@type":"Organization","@id":"https:\/\/www.shrn.org.uk\/#organization","name":"School Health Research Network","url":"https:\/\/www.shrn.org.uk\/","logo":{"@type":"ImageObject","inLanguage":"cy","@id":"https:\/\/www.shrn.org.uk\/#\/schema\/logo\/image\/","url":"https:\/\/www.shrn.org.uk\/wp-content\/uploads\/2024\/09\/cropped-cropped-SHRN-Core-Logo-BILINGUAL.png","contentUrl":"https:\/\/www.shrn.org.uk\/wp-content\/uploads\/2024\/09\/cropped-cropped-SHRN-Core-Logo-BILINGUAL.png","width":2975,"height":1505,"caption":"School Health Research Network"},"image":{"@id":"https:\/\/www.shrn.org.uk\/#\/schema\/logo\/image\/"}}]}},"_links":{"self":[{"href":"https:\/\/www.shrn.org.uk\/cy\/wp-json\/wp\/v2\/pages\/12821","targetHints":{"allow":["GET"]}}],"collection":[{"href":"https:\/\/www.shrn.org.uk\/cy\/wp-json\/wp\/v2\/pages"}],"about":[{"href":"https:\/\/www.shrn.org.uk\/cy\/wp-json\/wp\/v2\/types\/page"}],"author":[{"embeddable":true,"href":"https:\/\/www.shrn.org.uk\/cy\/wp-json\/wp\/v2\/users\/1"}],"replies":[{"embeddable":true,"href":"https:\/\/www.shrn.org.uk\/cy\/wp-json\/wp\/v2\/comments?post=12821"}],"version-history":[{"count":3,"href":"https:\/\/www.shrn.org.uk\/cy\/wp-json\/wp\/v2\/pages\/12821\/revisions"}],"predecessor-version":[{"id":12848,"href":"https:\/\/www.shrn.org.uk\/cy\/wp-json\/wp\/v2\/pages\/12821\/revisions\/12848"}],"wp:attachment":[{"href":"https:\/\/www.shrn.org.uk\/cy\/wp-json\/wp\/v2\/media?parent=12821"}],"curies":[{"name":"wp","href":"https:\/\/api.w.org\/{rel}","templated":true}]}}