{"id":2095,"date":"2017-06-30T13:47:43","date_gmt":"2017-06-30T13:47:43","guid":{"rendered":"http:\/\/www.shrn.org.uk\/?page_id=2095"},"modified":"2017-08-03T10:14:31","modified_gmt":"2017-08-03T10:14:31","slug":"digwyddiadaur-haf-2017","status":"publish","type":"page","link":"https:\/\/www.shrn.org.uk\/cy\/digwyddiadaur-haf-2017\/","title":{"rendered":"Digwyddiadau&#8217;r Haf 2017"},"content":{"rendered":"<p>Cynhaliwyd ein digwyddiadau\u2019r haf eleni yn Sir G\u00e2r, Caerdydd a Deganwy. Ar \u00f4l llwyddiant digwyddiadau\u2019r ddwy flynedd ddiwethaf, a recriwtio nifer fawr o ysgolion yn 2017, penderfynom fod angen cynnal trydydd digwyddiad yn Sir G\u00e2r. Mae\u2019r digwyddiadau hyn yn gyfle gwych i ddod ag ysgolion at ei gilydd i glywed diweddariadau gan d\u00eem y Rhwydwaith Ymchwil Iechyd mewn Ysgolion, yn ogystal \u00e2 rhannu arfer da gan ysgolion eraill yn seiliedig ar sut maen nhw wedi defnyddio\u2019r data yn eu Hadroddiadau Iechyd a Lles Myfyrwyr, yn ogystal \u00e2 dysgu am ymchwil iechyd presennol. Eleni, roeddem ni\u2019n hynod o ffodus hefyd bod cynrychiolwyr o Estyn wedi ymuno \u00e2 ni, a gyflwynodd ar iechyd a lles yn y fframwaith arolygu newydd.<\/p>\n<p>Rydym ni wedi cael caniat\u00e2d gan y cyflwynwyr i rannu\u2019r sleidiau ac rydym yn ddiolchgar iawn iddynt.\u00a0Sylwer bod yr holl gyflwyniadau yn Saesneg, er mae fideo Estyn ar gael yn Gymraeg ar YouTube.<\/p>\n<p><strong>Sir G\u00e2r\u00a0<a href=\"http:\/\/www.shrn.org.uk\/wp-content\/uploads\/2017\/06\/Garden-edit.jpg\"><img loading=\"lazy\" decoding=\"async\" class=\"alignright wp-image-2054\" src=\"http:\/\/www.shrn.org.uk\/wp-content\/uploads\/2017\/06\/Garden-edit.jpg\" alt=\"\" width=\"500\" height=\"375\" srcset=\"https:\/\/www.shrn.org.uk\/wp-content\/uploads\/2017\/06\/Garden-edit.jpg 960w, https:\/\/www.shrn.org.uk\/wp-content\/uploads\/2017\/06\/Garden-edit-300x225.jpg 300w, https:\/\/www.shrn.org.uk\/wp-content\/uploads\/2017\/06\/Garden-edit-768x576.jpg 768w\" sizes=\"auto, (max-width: 500px) 100vw, 500px\" \/><\/a><\/strong><\/p>\n<p>Cynhaliwyd ein digwyddiad cyntaf yn 2017, ddydd Mawrth, 13 Mehefin yng Ngardd Botaneg Cenedlaethol Cymru, lleoliad deniadol yng nghefn gwlad Sir G\u00e2r. Ymunodd 38 o ysgolion \u00e2 ni, yn ogystal \u00e2 chynrychiolwyr o Gynllun Rhwydwaith Ysgolion Iach Cymru (WNHSS), ar gyfer diwrnod llawn o gyflwyniadau gan d\u00eem y Rhwydwaith Ymchwil Iechyd mewn Ysgolion, ysgolion y Rhwydwaith, Estyn a chynrychiolwyr o Gynllun Rhwydwaith Ysgolion Iach Cymru.<\/p>\n<p><a href=\"http:\/\/www.shrn.org.uk\/wp-content\/uploads\/2017\/06\/Gillian-survey-no-notes.ppt\">School Health Research Network Surveys 2017\/18<\/a><br \/>\nDr Gillian Hewitt, Cardiff University<\/p>\n<p><a href=\"http:\/\/www.shrn.org.uk\/wp-content\/uploads\/2017\/06\/Health-and-Wellbeing-in-NIA-final-no-notes-002.pptx\">Health and Wellbeing in the New Common Inspection Framework<\/a><br \/>\nJassa Scott, Estyn<\/p>\n<p><a href=\"http:\/\/www.shrn.org.uk\/wp-content\/uploads\/2017\/06\/Help-from-WNHSS-and-SHRN-no-notes.ppt\">Welsh Network of Healthy School Scheme<\/a><br \/>\nMary Charles, WNHSS<\/p>\n<p><a href=\"http:\/\/www.shrn.org.uk\/wp-content\/uploads\/2017\/06\/SHRN-Alun-School-Summer-Event-final.ppt\">Using your health and wellbeing data in schools \u2013 sharing practice<\/a><br \/>\nEmma McIntyre, Alun School<\/p>\n<p><a href=\"http:\/\/www.shrn.org.uk\/wp-content\/uploads\/2017\/06\/Dans-slides.pptx\">Using your health and wellbeing data in schools \u2013 sharing practice <\/a><br \/>\nDaniel Foster, St Alban\u2019s RC School<\/p>\n<p><a href=\"http:\/\/www.shrn.org.uk\/wp-content\/uploads\/2017\/06\/ysgol-glan-y-mor-school.pptx\">Using your health and wellbeing data in schools \u2013 sharing practice <\/a><br \/>\nRachel Jenkins, Ysgol Glan y Mor School<\/p>\n<p><strong><a href=\"http:\/\/www.shrn.org.uk\/wp-content\/uploads\/2017\/06\/WMC-edit.jpg\"><img loading=\"lazy\" decoding=\"async\" class=\"alignleft wp-image-2055\" src=\"http:\/\/www.shrn.org.uk\/wp-content\/uploads\/2017\/06\/WMC-edit.jpg\" alt=\"\" width=\"500\" height=\"375\" srcset=\"https:\/\/www.shrn.org.uk\/wp-content\/uploads\/2017\/06\/WMC-edit.jpg 960w, https:\/\/www.shrn.org.uk\/wp-content\/uploads\/2017\/06\/WMC-edit-300x225.jpg 300w, https:\/\/www.shrn.org.uk\/wp-content\/uploads\/2017\/06\/WMC-edit-768x576.jpg 768w\" sizes=\"auto, (max-width: 500px) 100vw, 500px\" \/><\/a>Caerdydd<\/strong><\/p>\n<p>Cynhaliwyd ein hail ddigwyddiad ddydd Iau, 15 Mehefin yng Nghanolfan Mileniwm Cymru ym Mae Caerdydd. Ymunodd 59 o ysgolion \u00e2 ni, yn ogystal \u00e2 staff o Gynllun Rhwydwaith Ysgolion Iach Cymru (WNHSS), i glywed cyflwyniadau gan d\u00eem y Rhwydwaith Ymchwil Iechyd mewn Ysgolion, ysgolion y Rhwydwaith, Estyn a staff Cynllun Rhwydwaith Ysgolion Iach Cymru.<\/p>\n<p><a href=\"http:\/\/www.shrn.org.uk\/wp-content\/uploads\/2017\/06\/Gillian-survey-no-notes.ppt\">School Health Research Network Surveys 2017\/18<\/a><br \/>\nDr Gillian Hewitt, Cardiff University<\/p>\n<p><a href=\"http:\/\/www.shrn.org.uk\/wp-content\/uploads\/2017\/06\/Health-and-Wellbeing-in-NIA-final-no-notes-002.pptx\">Health and Wellbeing in the New Common Inspection Framework<\/a><br \/>\nMichelle Gosney, Estyn<\/p>\n<p><a href=\"http:\/\/www.shrn.org.uk\/wp-content\/uploads\/2017\/06\/Help-from-WNHSS-and-SHRN-no-notes.ppt\">Welsh Network of Healthy School Scheme<\/a><br \/>\nChris Farr, WNHSS<\/p>\n<p><a href=\"http:\/\/www.shrn.org.uk\/wp-content\/uploads\/2017\/06\/SHRN-Alun-School-Summer-Event-final.ppt\">Using your health and wellbeing data in schools \u2013 sharing practice<\/a><br \/>\nEmma McIntyre, Alun School<\/p>\n<p>&nbsp;<\/p>\n<p><a href=\"http:\/\/www.shrn.org.uk\/wp-content\/uploads\/2017\/06\/SHRN-presentation-Kate-Perna-1.pptx\">Using your health and wellbeing data in schools \u2013 sharing practice <\/a><br \/>\nKate Perna, Brynteg School<\/p>\n<p><a href=\"http:\/\/www.shrn.org.uk\/wp-content\/uploads\/2017\/06\/ST-JOHN-BAPTIST-CHURCH-IN-WALES-presentation.pptx\">Using your health and wellbeing data in schools \u2013 sharing practice <\/a><br \/>\nSian Hedges, St John the Baptist High School<\/p>\n<p><strong>Deganwy\u00a0<a href=\"http:\/\/www.shrn.org.uk\/wp-content\/uploads\/2017\/06\/deganwy-edit.jpg\"><img loading=\"lazy\" decoding=\"async\" class=\"alignright wp-image-2092\" src=\"http:\/\/www.shrn.org.uk\/wp-content\/uploads\/2017\/06\/deganwy-edit.jpg\" alt=\"\" width=\"500\" height=\"375\" srcset=\"https:\/\/www.shrn.org.uk\/wp-content\/uploads\/2017\/06\/deganwy-edit.jpg 960w, https:\/\/www.shrn.org.uk\/wp-content\/uploads\/2017\/06\/deganwy-edit-300x225.jpg 300w, https:\/\/www.shrn.org.uk\/wp-content\/uploads\/2017\/06\/deganwy-edit-768x576.jpg 768w\" sizes=\"auto, (max-width: 500px) 100vw, 500px\" \/><\/a><\/strong><\/p>\n<p>Cynhaliwyd digwyddiad gogledd Cymru eleni yng Ngwesty\u2019r Quay yn Neganwy unwaith eto, ddydd Iau, 22 Mehefin gyda staff ysgol o bob cwr o\u2019r ardal yn bresennol.\u00a0 Ymunodd cynrychiolwyr o 29 o ysgolion \u00e2 ni, yn ogystal \u00e2 staff o Gynllun Rhwydwaith Ysgolion Iach Cymru (WNHSS).<\/p>\n<p><a href=\"http:\/\/www.shrn.org.uk\/wp-content\/uploads\/2017\/06\/Gillian-survey-no-notes.ppt\">School Health Research Network Surveys 2017\/18<\/a><br \/>\nDr Gillian Hewitt, Cardiff University<\/p>\n<p><a href=\"http:\/\/www.shrn.org.uk\/wp-content\/uploads\/2017\/06\/Health-and-Wellbeing-in-NIA-final-no-notes-002.pptx\">Health and Wellbeing in the New Common Inspection Framework<\/a><br \/>\nEstyn<\/p>\n<p><a href=\"http:\/\/www.shrn.org.uk\/wp-content\/uploads\/2017\/06\/Help-from-WNHSS-and-SHRN-no-notes.ppt\">Welsh Network of Healthy School Scheme<\/a><br \/>\nPaula Roberts, WNHSS<\/p>\n<p><a href=\"http:\/\/www.shrn.org.uk\/wp-content\/uploads\/2017\/06\/SHRN-Alun-School-Summer-Event-final.ppt\">Using your health and wellbeing data in schools \u2013 sharing practice<\/a><br \/>\nEmma McIntyre, Alun School<\/p>\n<p><a href=\"http:\/\/www.shrn.org.uk\/wp-content\/uploads\/2017\/06\/Bodedern-bilingual-presentation.pptm\">Using your health and wellbeing data in schools \u2013 sharing practice<\/a><br \/>\nHeather Roberts, Ysgol Uwchradd Bodedern<\/p>\n<p><a href=\"http:\/\/www.shrn.org.uk\/wp-content\/uploads\/2017\/06\/Llanfyllin.ppt\">Using your health and wellbeing data in schools \u2013 sharing practice<\/a><br \/>\nHelen Lloyd, Ysgol Uwchradd Llanfyllin<\/p>\n<p>&nbsp;<\/p>\n","protected":false},"excerpt":{"rendered":"<p>Cynhaliwyd ein digwyddiadau\u2019r haf eleni yn Sir G\u00e2r, Caerdydd a Deganwy. Ar \u00f4l llwyddiant digwyddiadau\u2019r ddwy flynedd ddiwethaf, a recriwtio nifer fawr o ysgolion yn 2017, penderfynom fod angen cynnal trydydd digwyddiad yn Sir G\u00e2r. Mae\u2019r digwyddiadau hyn yn gyfle gwych i ddod ag ysgolion at ei gilydd i glywed diweddariadau gan d\u00eem y Rhwydwaith [&hellip;]<\/p>\n","protected":false},"author":1,"featured_media":0,"parent":0,"menu_order":0,"comment_status":"closed","ping_status":"closed","template":"templates\/template-full-width.php","meta":{"_monsterinsights_skip_tracking":false,"_monsterinsights_sitenote_active":false,"_monsterinsights_sitenote_note":"","_monsterinsights_sitenote_category":0,"footnotes":""},"class_list":["post-2095","page","type-page","status-publish","hentry"],"yoast_head":"<!-- This site is optimized with the Yoast SEO plugin v27.5 - https:\/\/yoast.com\/product\/yoast-seo-wordpress\/ -->\n<title>Digwyddiadau&#039;r Haf 2017 - The School Health Research Network<\/title>\n<meta name=\"robots\" content=\"index, follow, max-snippet:-1, max-image-preview:large, max-video-preview:-1\" \/>\n<link rel=\"canonical\" href=\"https:\/\/www.shrn.org.uk\/cy\/digwyddiadaur-haf-2017\/\" \/>\n<meta property=\"og:locale\" content=\"en_US\" \/>\n<meta property=\"og:type\" content=\"article\" \/>\n<meta property=\"og:title\" content=\"Digwyddiadau&#039;r Haf 2017 - The School Health Research Network\" \/>\n<meta property=\"og:description\" content=\"Cynhaliwyd ein digwyddiadau\u2019r haf eleni yn Sir G\u00e2r, Caerdydd a Deganwy. Ar \u00f4l llwyddiant digwyddiadau\u2019r ddwy flynedd ddiwethaf, a recriwtio nifer fawr o ysgolion yn 2017, penderfynom fod angen cynnal trydydd digwyddiad yn Sir G\u00e2r. Mae\u2019r digwyddiadau hyn yn gyfle gwych i ddod ag ysgolion at ei gilydd i glywed diweddariadau gan d\u00eem y Rhwydwaith [&hellip;]\" \/>\n<meta property=\"og:url\" content=\"https:\/\/www.shrn.org.uk\/cy\/digwyddiadaur-haf-2017\/\" \/>\n<meta property=\"og:site_name\" content=\"The School Health Research Network\" \/>\n<meta property=\"article:modified_time\" content=\"2017-08-03T10:14:31+00:00\" \/>\n<meta property=\"og:image\" content=\"http:\/\/www.shrn.org.uk\/wp-content\/uploads\/2017\/06\/Garden-edit.jpg\" \/>\n<meta name=\"twitter:label1\" content=\"Est. reading time\" \/>\n\t<meta name=\"twitter:data1\" content=\"3 munud\" \/>\n<script type=\"application\/ld+json\" class=\"yoast-schema-graph\">{\"@context\":\"https:\\\/\\\/schema.org\",\"@graph\":[{\"@type\":\"WebPage\",\"@id\":\"https:\\\/\\\/www.shrn.org.uk\\\/cy\\\/digwyddiadaur-haf-2017\\\/\",\"url\":\"https:\\\/\\\/www.shrn.org.uk\\\/cy\\\/digwyddiadaur-haf-2017\\\/\",\"name\":\"Digwyddiadau'r Haf 2017 - The School Health Research Network\",\"isPartOf\":{\"@id\":\"https:\\\/\\\/www.shrn.org.uk\\\/#website\"},\"primaryImageOfPage\":{\"@id\":\"https:\\\/\\\/www.shrn.org.uk\\\/cy\\\/digwyddiadaur-haf-2017\\\/#primaryimage\"},\"image\":{\"@id\":\"https:\\\/\\\/www.shrn.org.uk\\\/cy\\\/digwyddiadaur-haf-2017\\\/#primaryimage\"},\"thumbnailUrl\":\"http:\\\/\\\/www.shrn.org.uk\\\/wp-content\\\/uploads\\\/2017\\\/06\\\/Garden-edit.jpg\",\"datePublished\":\"2017-06-30T13:47:43+00:00\",\"dateModified\":\"2017-08-03T10:14:31+00:00\",\"breadcrumb\":{\"@id\":\"https:\\\/\\\/www.shrn.org.uk\\\/cy\\\/digwyddiadaur-haf-2017\\\/#breadcrumb\"},\"inLanguage\":\"cy\",\"potentialAction\":[{\"@type\":\"ReadAction\",\"target\":[\"https:\\\/\\\/www.shrn.org.uk\\\/cy\\\/digwyddiadaur-haf-2017\\\/\"]}]},{\"@type\":\"ImageObject\",\"inLanguage\":\"cy\",\"@id\":\"https:\\\/\\\/www.shrn.org.uk\\\/cy\\\/digwyddiadaur-haf-2017\\\/#primaryimage\",\"url\":\"http:\\\/\\\/www.shrn.org.uk\\\/wp-content\\\/uploads\\\/2017\\\/06\\\/Garden-edit.jpg\",\"contentUrl\":\"http:\\\/\\\/www.shrn.org.uk\\\/wp-content\\\/uploads\\\/2017\\\/06\\\/Garden-edit.jpg\"},{\"@type\":\"BreadcrumbList\",\"@id\":\"https:\\\/\\\/www.shrn.org.uk\\\/cy\\\/digwyddiadaur-haf-2017\\\/#breadcrumb\",\"itemListElement\":[{\"@type\":\"ListItem\",\"position\":1,\"name\":\"Home\",\"item\":\"https:\\\/\\\/www.shrn.org.uk\\\/cy\\\/\"},{\"@type\":\"ListItem\",\"position\":2,\"name\":\"Digwyddiadau&#8217;r Haf 2017\"}]},{\"@type\":\"WebSite\",\"@id\":\"https:\\\/\\\/www.shrn.org.uk\\\/#website\",\"url\":\"https:\\\/\\\/www.shrn.org.uk\\\/\",\"name\":\"School Health Research Network\",\"description\":\"\",\"publisher\":{\"@id\":\"https:\\\/\\\/www.shrn.org.uk\\\/#organization\"},\"potentialAction\":[{\"@type\":\"SearchAction\",\"target\":{\"@type\":\"EntryPoint\",\"urlTemplate\":\"https:\\\/\\\/www.shrn.org.uk\\\/?s={search_term_string}\"},\"query-input\":{\"@type\":\"PropertyValueSpecification\",\"valueRequired\":true,\"valueName\":\"search_term_string\"}}],\"inLanguage\":\"cy\"},{\"@type\":\"Organization\",\"@id\":\"https:\\\/\\\/www.shrn.org.uk\\\/#organization\",\"name\":\"School Health Research Network\",\"url\":\"https:\\\/\\\/www.shrn.org.uk\\\/\",\"logo\":{\"@type\":\"ImageObject\",\"inLanguage\":\"cy\",\"@id\":\"https:\\\/\\\/www.shrn.org.uk\\\/#\\\/schema\\\/logo\\\/image\\\/\",\"url\":\"https:\\\/\\\/www.shrn.org.uk\\\/wp-content\\\/uploads\\\/2024\\\/09\\\/cropped-cropped-SHRN-Core-Logo-BILINGUAL.png\",\"contentUrl\":\"https:\\\/\\\/www.shrn.org.uk\\\/wp-content\\\/uploads\\\/2024\\\/09\\\/cropped-cropped-SHRN-Core-Logo-BILINGUAL.png\",\"width\":2975,\"height\":1505,\"caption\":\"School Health Research Network\"},\"image\":{\"@id\":\"https:\\\/\\\/www.shrn.org.uk\\\/#\\\/schema\\\/logo\\\/image\\\/\"}}]}<\/script>\n<!-- \/ Yoast SEO plugin. -->","yoast_head_json":{"title":"Digwyddiadau'r Haf 2017 - The School Health Research Network","robots":{"index":"index","follow":"follow","max-snippet":"max-snippet:-1","max-image-preview":"max-image-preview:large","max-video-preview":"max-video-preview:-1"},"canonical":"https:\/\/www.shrn.org.uk\/cy\/digwyddiadaur-haf-2017\/","og_locale":"en_US","og_type":"article","og_title":"Digwyddiadau'r Haf 2017 - The School Health Research Network","og_description":"Cynhaliwyd ein digwyddiadau\u2019r haf eleni yn Sir G\u00e2r, Caerdydd a Deganwy. Ar \u00f4l llwyddiant digwyddiadau\u2019r ddwy flynedd ddiwethaf, a recriwtio nifer fawr o ysgolion yn 2017, penderfynom fod angen cynnal trydydd digwyddiad yn Sir G\u00e2r. Mae\u2019r digwyddiadau hyn yn gyfle gwych i ddod ag ysgolion at ei gilydd i glywed diweddariadau gan d\u00eem y Rhwydwaith [&hellip;]","og_url":"https:\/\/www.shrn.org.uk\/cy\/digwyddiadaur-haf-2017\/","og_site_name":"The School Health Research Network","article_modified_time":"2017-08-03T10:14:31+00:00","og_image":[{"url":"http:\/\/www.shrn.org.uk\/wp-content\/uploads\/2017\/06\/Garden-edit.jpg","type":"","width":"","height":""}],"twitter_misc":{"Est. reading time":"3 munud"},"schema":{"@context":"https:\/\/schema.org","@graph":[{"@type":"WebPage","@id":"https:\/\/www.shrn.org.uk\/cy\/digwyddiadaur-haf-2017\/","url":"https:\/\/www.shrn.org.uk\/cy\/digwyddiadaur-haf-2017\/","name":"Digwyddiadau'r Haf 2017 - The School Health Research Network","isPartOf":{"@id":"https:\/\/www.shrn.org.uk\/#website"},"primaryImageOfPage":{"@id":"https:\/\/www.shrn.org.uk\/cy\/digwyddiadaur-haf-2017\/#primaryimage"},"image":{"@id":"https:\/\/www.shrn.org.uk\/cy\/digwyddiadaur-haf-2017\/#primaryimage"},"thumbnailUrl":"http:\/\/www.shrn.org.uk\/wp-content\/uploads\/2017\/06\/Garden-edit.jpg","datePublished":"2017-06-30T13:47:43+00:00","dateModified":"2017-08-03T10:14:31+00:00","breadcrumb":{"@id":"https:\/\/www.shrn.org.uk\/cy\/digwyddiadaur-haf-2017\/#breadcrumb"},"inLanguage":"cy","potentialAction":[{"@type":"ReadAction","target":["https:\/\/www.shrn.org.uk\/cy\/digwyddiadaur-haf-2017\/"]}]},{"@type":"ImageObject","inLanguage":"cy","@id":"https:\/\/www.shrn.org.uk\/cy\/digwyddiadaur-haf-2017\/#primaryimage","url":"http:\/\/www.shrn.org.uk\/wp-content\/uploads\/2017\/06\/Garden-edit.jpg","contentUrl":"http:\/\/www.shrn.org.uk\/wp-content\/uploads\/2017\/06\/Garden-edit.jpg"},{"@type":"BreadcrumbList","@id":"https:\/\/www.shrn.org.uk\/cy\/digwyddiadaur-haf-2017\/#breadcrumb","itemListElement":[{"@type":"ListItem","position":1,"name":"Home","item":"https:\/\/www.shrn.org.uk\/cy\/"},{"@type":"ListItem","position":2,"name":"Digwyddiadau&#8217;r Haf 2017"}]},{"@type":"WebSite","@id":"https:\/\/www.shrn.org.uk\/#website","url":"https:\/\/www.shrn.org.uk\/","name":"School Health Research Network","description":"","publisher":{"@id":"https:\/\/www.shrn.org.uk\/#organization"},"potentialAction":[{"@type":"SearchAction","target":{"@type":"EntryPoint","urlTemplate":"https:\/\/www.shrn.org.uk\/?s={search_term_string}"},"query-input":{"@type":"PropertyValueSpecification","valueRequired":true,"valueName":"search_term_string"}}],"inLanguage":"cy"},{"@type":"Organization","@id":"https:\/\/www.shrn.org.uk\/#organization","name":"School Health Research Network","url":"https:\/\/www.shrn.org.uk\/","logo":{"@type":"ImageObject","inLanguage":"cy","@id":"https:\/\/www.shrn.org.uk\/#\/schema\/logo\/image\/","url":"https:\/\/www.shrn.org.uk\/wp-content\/uploads\/2024\/09\/cropped-cropped-SHRN-Core-Logo-BILINGUAL.png","contentUrl":"https:\/\/www.shrn.org.uk\/wp-content\/uploads\/2024\/09\/cropped-cropped-SHRN-Core-Logo-BILINGUAL.png","width":2975,"height":1505,"caption":"School Health Research Network"},"image":{"@id":"https:\/\/www.shrn.org.uk\/#\/schema\/logo\/image\/"}}]}},"_links":{"self":[{"href":"https:\/\/www.shrn.org.uk\/cy\/wp-json\/wp\/v2\/pages\/2095","targetHints":{"allow":["GET"]}}],"collection":[{"href":"https:\/\/www.shrn.org.uk\/cy\/wp-json\/wp\/v2\/pages"}],"about":[{"href":"https:\/\/www.shrn.org.uk\/cy\/wp-json\/wp\/v2\/types\/page"}],"author":[{"embeddable":true,"href":"https:\/\/www.shrn.org.uk\/cy\/wp-json\/wp\/v2\/users\/1"}],"replies":[{"embeddable":true,"href":"https:\/\/www.shrn.org.uk\/cy\/wp-json\/wp\/v2\/comments?post=2095"}],"version-history":[{"count":2,"href":"https:\/\/www.shrn.org.uk\/cy\/wp-json\/wp\/v2\/pages\/2095\/revisions"}],"predecessor-version":[{"id":2097,"href":"https:\/\/www.shrn.org.uk\/cy\/wp-json\/wp\/v2\/pages\/2095\/revisions\/2097"}],"wp:attachment":[{"href":"https:\/\/www.shrn.org.uk\/cy\/wp-json\/wp\/v2\/media?parent=2095"}],"curies":[{"name":"wp","href":"https:\/\/api.w.org\/{rel}","templated":true}]}}